{"id":4,"date":"2012-04-25T07:42:52","date_gmt":"2012-04-25T07:42:52","guid":{"rendered":"http:\/\/prunus-symposium.zeus.umh.es\/presentacion\/"},"modified":"2012-09-20T14:09:22","modified_gmt":"2012-09-20T14:09:22","slug":"presentacion","status":"publish","type":"page","link":"https:\/\/prunus-symposium.umh.es\/es\/","title":{"rendered":"Presentaci\u00f3n"},"content":{"rendered":"<p>EL SIMPOSIO INTERNACIONAL DE CIRUELA Y CEREZA, est\u00e1 organizado por el Grupo de Poscosecha de la Universidad Miguel Hern\u00e1ndez (UMH). Es una de las actividades de la Feria Internacional para la Industria de Frutas y Hortalizas (FRUIT ATTRACTION 2012). Fruit Attraction es co-organizada por FEPEX (Federaci\u00f3n Espa\u00f1ola de Productores y Exportadores de Frutas, Hortalizas, Flores y Plantas Vivas) e IFEMA (Instituci\u00f3n Ferial de Madrid) y constituye un nuevo concepto de comercio justo, dise\u00f1ado de acuerdo a las necesidades de la sector de frutas y hortalizas. Las comunicaciones cient\u00edficas y mesas redondas formar\u00e1n parte de las Jornadas Cient\u00edficas de la Feria.<\/p>\n<p><strong>FECHAS IMPORTANTES<\/strong><\/p>\n<p><strong>Pre-inscripci\u00f3n: 30 de junio de 2012 <span style=\"color: #ff0000\">(extendido al 10 de octubre)<\/span><\/strong><\/p>\n<p><strong>Presentaci\u00f3n de res\u00famenes: 30 de julio de 2012 <span style=\"color: #ff0000\">(extendido al 10 de octubre)<\/span><\/strong><\/p>\n<p><strong>Completo registro: Septiembre 15, 2012 <span style=\"color: #ff0000\">(extendido al 10 de octubre)<\/span><\/strong><\/p>\n<p><strong>Presentaci\u00f3n de trabajos completos: 30 de septiembre de 2012 <span style=\"color: #ff0000\">(extendido al 10 de octubre)<\/span><\/strong><\/p>\n<p><strong>Fecha l\u00edmite de pago: 30 de septiembre de 2012 <span style=\"color: #ff0000\">(extendido al 20 de octubre)<\/span><\/strong><\/p>\n<p>REUNIONES CIENT\u00cdFICAS<\/p>\n<p>El simposio se dividir\u00e1 en las siguientes sesiones:<\/p>\n<table border=\"1\" cellspacing=\"0\" cellpadding=\"0\">\n<tbody>\n<tr>\n<td width=\"102\" valign=\"top\"><strong>Sesion 1<\/strong><\/td>\n<td width=\"475\" valign=\"top\">Gesti\u00f3n de Recursos Gen\u00e9ticos: Biodiversidad, Biolog\u00eda Molecular y Biotecnolog\u00eda<\/td>\n<\/tr>\n<tr>\n<td width=\"102\" valign=\"top\"><strong>Sesion 2<\/strong><\/td>\n<td width=\"475\" valign=\"top\">Desde la Siembra hasta la Recolecci\u00f3n: Pr\u00e1cticas Culturales, Manejo del Riego y Fertilizaci\u00f3n, Floraci\u00f3n, Protecci\u00f3n del Cultivo, Des\u00f3rdenes Fisiol\u00f3gicos, Maduraci\u00f3n y Recolecci\u00f3n<\/td>\n<\/tr>\n<tr>\n<td width=\"102\" valign=\"top\"><strong>Sesion 3<\/strong><\/td>\n<td width=\"475\" valign=\"top\">Temas relacionados con la Salud<\/td>\n<\/tr>\n<tr>\n<td width=\"102\" valign=\"top\"><strong>Sesion 4<\/strong><\/td>\n<td width=\"475\" valign=\"top\">Gesti\u00f3n de la Postcosecha, Procesado y Valor A\u00f1adido<\/td>\n<\/tr>\n<tr>\n<td width=\"102\" valign=\"top\"><strong>Sesion 5<\/strong><\/td>\n<td width=\"475\" valign=\"top\">Econom\u00eda, Transporte y Comercializaci\u00f3n<\/td>\n<\/tr>\n<\/tbody>\n<\/table>\n<p style=\"text-align: center\">\n<p style=\"text-align: center\">\n<p style=\"text-align: center\">\n<p style=\"text-align: center\"><a href=\"https:\/\/prunus-symposium.umh.es\/files\/2012\/04\/presentacion.jpg\"><img loading=\"lazy\" class=\"aligncenter size-large wp-image-63\" title=\"presentacion\" src=\"https:\/\/prunus-symposium.umh.es\/files\/2012\/04\/presentacion-1024x771.jpg\" alt=\"\" width=\"614\" height=\"463\" srcset=\"https:\/\/prunus-symposium.umh.es\/files\/2012\/04\/presentacion-1024x771.jpg 1024w, https:\/\/prunus-symposium.umh.es\/files\/2012\/04\/presentacion-300x225.jpg 300w, https:\/\/prunus-symposium.umh.es\/files\/2012\/04\/presentacion.jpg 2033w\" sizes=\"(max-width: 614px) 100vw, 614px\" \/><\/a><\/p>\n<p><\/p>","protected":false},"excerpt":{"rendered":"<p>EL SIMPOSIO INTERNACIONAL DE CIRUELA Y CEREZA, est\u00e1 organizado por el Grupo de Poscosecha de la Universidad Miguel Hern\u00e1ndez (UMH). Es una de las actividades de la Feria Internacional para la Industria de Frutas y Hortalizas (FRUIT ATTRACTION 2012). Fruit Attraction es co-organizada por FEPEX (Federaci\u00f3n Espa\u00f1ola de Productores y Exportadores de Frutas, Hortalizas, Flores [&#8230;]<\/p>\n","protected":false},"author":1,"featured_media":0,"parent":0,"menu_order":0,"comment_status":"closed","ping_status":"open","template":"","meta":{"_links_to":"","_links_to_target":""},"_links":{"self":[{"href":"https:\/\/prunus-symposium.umh.es\/es\/wp-json\/wp\/v2\/pages\/4"}],"collection":[{"href":"https:\/\/prunus-symposium.umh.es\/es\/wp-json\/wp\/v2\/pages"}],"about":[{"href":"https:\/\/prunus-symposium.umh.es\/es\/wp-json\/wp\/v2\/types\/page"}],"author":[{"embeddable":true,"href":"https:\/\/prunus-symposium.umh.es\/es\/wp-json\/wp\/v2\/users\/1"}],"replies":[{"embeddable":true,"href":"https:\/\/prunus-symposium.umh.es\/es\/wp-json\/wp\/v2\/comments?post=4"}],"version-history":[{"count":0,"href":"https:\/\/prunus-symposium.umh.es\/es\/wp-json\/wp\/v2\/pages\/4\/revisions"}],"wp:attachment":[{"href":"https:\/\/prunus-symposium.umh.es\/es\/wp-json\/wp\/v2\/media?parent=4"}],"curies":[{"name":"wp","href":"https:\/\/api.w.org\/{rel}","templated":true}]}}