{"id":35,"date":"2012-05-14T16:16:24","date_gmt":"2012-05-14T16:16:24","guid":{"rendered":"http:\/\/prunus-symposium.umh.es\/comites\/comite-organizador\/"},"modified":"2012-05-18T11:50:28","modified_gmt":"2012-05-18T11:50:28","slug":"comite-organizador","status":"publish","type":"page","link":"https:\/\/prunus-symposium.umh.es\/es\/comites\/comite-organizador\/","title":{"rendered":"Comit\u00e9 Organizador"},"content":{"rendered":"<p><\/p>\n<p>Dra. Mar\u00eda Serrano (Presisdente), UMH, Espa\u00f1a<\/p>\n<p>Dr. Daniel Valero, UMH, Espa\u00f1a<\/p>\n<p>Dr. Domingo Mart\u00ednez-Romero, UMH, Espa\u00f1a<\/p>\n<p>Dr. Salvador Castillo, UMH, Espa\u00f1a<\/p>\n<p>Dr. Fabi\u00e1n Guill\u00e9n, UMH, Espa\u00f1a<\/p>\n<p>Dr. Pedro J. Zapata, UMH, Espa\u00f1a<\/p>\n<p>Dr. Juan Miguel Valverde, UMH, Espa\u00f1a<\/p>\n<p>Dra. Huertas M. D\u00edaz-Mula, UMH, Espa\u00f1a<\/p>\n<p>D. Jos\u00e9 Mar\u00eda Pozancos. Director de FEPEX.<\/p>\n<p>D. Ra\u00fal Calleja Garrido. Director de FRUIT ATTRACTION.<\/p>\n<p><\/p>","protected":false},"excerpt":{"rendered":"<p>Dra. Mar\u00eda Serrano (Presisdente), UMH, Espa\u00f1a<br \/>\nDr. Daniel Valero, UMH, Espa\u00f1a<br \/>\nDr. Domingo Mart\u00ednez-Romero, UMH, Espa\u00f1a<br \/>\nDr. Salvador Castillo, UMH, Espa\u00f1a<br \/>\nDr. Fabi\u00e1n Guill\u00e9n, UMH, Espa\u00f1a<br \/>\nDr. Pedro J. Zapata, UMH, Espa\u00f1a<br \/>\nDr. Juan Miguel Valverde, UMH, Espa\u00f1a<br \/>\nDra. Huertas M. D\u00edaz-Mula, UMH, Espa\u00f1a<br \/>\nD. Jos\u00e9 Mar\u00eda Pozancos. Director de FEPEX.<br \/>\nD. Ra\u00fal Calleja Garrido. Director de FRUIT ATTRACTION.<\/p>\n","protected":false},"author":316,"featured_media":0,"parent":8,"menu_order":1,"comment_status":"closed","ping_status":"open","template":"","meta":{"_links_to":"","_links_to_target":""},"_links":{"self":[{"href":"https:\/\/prunus-symposium.umh.es\/es\/wp-json\/wp\/v2\/pages\/35"}],"collection":[{"href":"https:\/\/prunus-symposium.umh.es\/es\/wp-json\/wp\/v2\/pages"}],"about":[{"href":"https:\/\/prunus-symposium.umh.es\/es\/wp-json\/wp\/v2\/types\/page"}],"author":[{"embeddable":true,"href":"https:\/\/prunus-symposium.umh.es\/es\/wp-json\/wp\/v2\/users\/316"}],"replies":[{"embeddable":true,"href":"https:\/\/prunus-symposium.umh.es\/es\/wp-json\/wp\/v2\/comments?post=35"}],"version-history":[{"count":0,"href":"https:\/\/prunus-symposium.umh.es\/es\/wp-json\/wp\/v2\/pages\/35\/revisions"}],"up":[{"embeddable":true,"href":"https:\/\/prunus-symposium.umh.es\/es\/wp-json\/wp\/v2\/pages\/8"}],"wp:attachment":[{"href":"https:\/\/prunus-symposium.umh.es\/es\/wp-json\/wp\/v2\/media?parent=35"}],"curies":[{"name":"wp","href":"https:\/\/api.w.org\/{rel}","templated":true}]}}