{"id":34,"date":"2012-05-14T16:15:01","date_gmt":"2012-05-14T16:15:01","guid":{"rendered":"http:\/\/prunus-symposium.umh.es\/comites\/comite-cientifico\/"},"modified":"2012-09-03T16:29:22","modified_gmt":"2012-09-03T16:29:22","slug":"comite-cientifico","status":"publish","type":"page","link":"https:\/\/prunus-symposium.umh.es\/es\/comites\/comite-cientifico\/","title":{"rendered":"Comit\u00e9 Cient\u00edfico"},"content":{"rendered":"<p>Dr. Daniel Valero (Presidente), UMH &#8211; Espa\u00f1a<\/p>\n<p>Dra. Mar\u00eda Serrano, UMH \u2013 Espa\u00f1a<\/p>\n<p>Dr. Francisco A. Tom\u00e1s-Barber\u00e1n, CEBAS-CSIC \u2013 Espa\u00f1a<\/p>\n<p>Dra. Susan Lurie, Volcani Center &#8211; Israel<\/p>\n<p>Dr. Peter Toivonen, Agri-Food \u2013 Canad\u00e1<\/p>\n<p>Dr. Pablo Melgarejo, UMH &#8211; Espa\u00f1a<\/p>\n<p>Dr. Carlos Crisosto, UC Davis California\u00a0 &#8211; Estados Unidos<\/p>\n<p>Dr. Geroge Manganaris, Cyprus University of Technology \u2013 Chipre<\/p>\n<p>Dr. Pietro Tonutti, Scuola Superiore Studi Universitari Sant&#8217;Anna &#8211; Italia<\/p>\n<p>Dra. Bernardita P\u00e9rez-Gago, IVIA \u2013 Espa\u00f1a<\/p>\n<p>Dr. Cristian Laurrigadiere, UdL-IRTA \u2013 Espa\u00f1a<\/p>\n<p>Dr. David Gonz\u00e1lez, INTAEX \u2013\u00a0 Espa\u00f1a<\/p>\n<p>Dra. M\u00aa Josefa Bernalte, UEX &#8211; Espa\u00f1a<\/p>","protected":false},"excerpt":{"rendered":"<p>Dr. Daniel Valero (Presidente), UMH &#8211; Espa\u00f1a<br \/>\nDra. Mar\u00eda Serrano, UMH \u2013 Espa\u00f1a<br \/>\nDr. Francisco A. Tom\u00e1s-Barber\u00e1n, CEBAS-CSIC \u2013 Espa\u00f1a<br \/>\nDra. Susan Lurie, Volcani Center &#8211; Israel<br \/>\nDr. Peter Toivonen, Agri-Food \u2013 Canad\u00e1<br \/>\nDr. Pablo Melgarejo, UMH &#8211; Espa\u00f1a<br \/>\nDr. Carlos Crisosto, UC Davis California\u00a0 &#8211; Estados Unidos<br \/>\nDr. Geroge Manganaris, Cyprus University of Technology \u2013 Chipre<br \/>\nDr. Pietro Tonutti, Scuola Superiore Studi [&#8230;]<\/p>\n","protected":false},"author":316,"featured_media":0,"parent":8,"menu_order":1,"comment_status":"closed","ping_status":"open","template":"","meta":{"_links_to":"","_links_to_target":""},"_links":{"self":[{"href":"https:\/\/prunus-symposium.umh.es\/es\/wp-json\/wp\/v2\/pages\/34"}],"collection":[{"href":"https:\/\/prunus-symposium.umh.es\/es\/wp-json\/wp\/v2\/pages"}],"about":[{"href":"https:\/\/prunus-symposium.umh.es\/es\/wp-json\/wp\/v2\/types\/page"}],"author":[{"embeddable":true,"href":"https:\/\/prunus-symposium.umh.es\/es\/wp-json\/wp\/v2\/users\/316"}],"replies":[{"embeddable":true,"href":"https:\/\/prunus-symposium.umh.es\/es\/wp-json\/wp\/v2\/comments?post=34"}],"version-history":[{"count":0,"href":"https:\/\/prunus-symposium.umh.es\/es\/wp-json\/wp\/v2\/pages\/34\/revisions"}],"up":[{"embeddable":true,"href":"https:\/\/prunus-symposium.umh.es\/es\/wp-json\/wp\/v2\/pages\/8"}],"wp:attachment":[{"href":"https:\/\/prunus-symposium.umh.es\/es\/wp-json\/wp\/v2\/media?parent=34"}],"curies":[{"name":"wp","href":"https:\/\/api.w.org\/{rel}","templated":true}]}}