{"id":20,"date":"2012-05-09T07:35:47","date_gmt":"2012-05-09T07:35:47","guid":{"rendered":"http:\/\/prunus-symposium.umh.es\/?page_id=20"},"modified":"2012-09-03T11:49:42","modified_gmt":"2012-09-03T11:49:42","slug":"envio-de-trabajos","status":"publish","type":"page","link":"https:\/\/prunus-symposium.umh.es\/es\/comunicaciones\/envio-de-trabajos\/","title":{"rendered":"Env\u00edo de Trabajos"},"content":{"rendered":"<p><\/p>\n<p><strong>Normas Trabajos<\/strong><\/p>\n<p>Todas las Comunicaciones (Conferencias, Keynotes, Presentaciones Orales y P\u00f3sters) ser\u00e1n publicadas en el Libro de Actas del Simposio<\/p>\n<p>Las publicaciones deber\u00e1n contener 8 p\u00e1ginas como m\u00e1ximo (incluyendo Tablas y Figuras) en el Procesador de Texto Word.<\/p>\n<p>Los Trabajos se enviar\u00e1n por E-mail a la direcci\u00f3n: <a href=\"mailto:prunus-symposium@umh.es\">prunus-symposium@umh.es<\/a> (Fecha L\u00edmite: 30 de Septiembre de 2012)<\/p>\n<p>Las comunicaciones se estructurar\u00e1n con: T\u00edtulo, Resumen, Introducci\u00f3n, Material y M\u00e9todos, Resultados y Discusi\u00f3n, Conclusiones y Bibliograf\u00eda<\/p>\n<p>Tablas y Figuras se pueden insertar en el lugar del trabajo que el autor considere oportuno<\/p>\n<p><span style=\"text-decoration: underline\">Formato del Trabajo<\/span><\/p>\n<p>M\u00e1rgenes: Alto, Bajo, Izquierda y Derecha: 3 cm<\/p>\n<p>Letra: Times New Roman, Tama\u00f1o 12<\/p>\n<p>T\u00edtulo: Bold type<\/p>\n<p><strong>Formato Bibliograf\u00eda<\/strong><\/p>\n<p>&#8211; <strong>Revista<\/strong>: Serrano, M., Mart\u00ednez-Romero, D., Guill\u00e9n, F., Valverde, J.M., Zapata, P.J., Castillo, S., Valero, D. 2008. The addition of essential oils to MAP as a tool to maintain the overall quality of fruits. Trends Food Sci. Technol. 19, 464-471.<\/p>\n<p>&#8211; <strong>Cap\u00edtulo de Libro<\/strong>: Serrano, M., Zapata, P.J., Guill\u00e9n, F., Mart\u00ednez-Romero, D., Castillo, S., Valero, D. 2008. Post-harvest ripening of tomato. In: <em>Tomatoes and Tomato Products<\/em>. Eds. Preedy, V.R., Watson, R.R. Science Publishers, Enfiel, UK.<\/p>\n<p>&#8211; <strong>Libro Completo<\/strong>: Valero, D., Serrano, M. 2010. Postharvest Biology and Technology for Preserving Fruit Quality. CRC Press-Taylor &amp; Francis, Boca Raton, Florida.<\/p>\n<p><\/p>","protected":false},"excerpt":{"rendered":"<p>Normas Trabajos<br \/>\nTodas las Comunicaciones (Conferencias, Keynotes, Presentaciones Orales y P\u00f3sters) ser\u00e1n publicadas en el Libro de Actas del Simposio<br \/>\nLas publicaciones deber\u00e1n contener 8 p\u00e1ginas como m\u00e1ximo (incluyendo Tablas y Figuras) en el Procesador de Texto Word.<br \/>\nLos Trabajos se enviar\u00e1n por E-mail a la direcci\u00f3n: prunus-symposium@umh.es (Fecha L\u00edmite: 30 de Septiembre de 2012)<br \/>\nLas comunicaciones se estructurar\u00e1n [&#8230;]<\/p>\n","protected":false},"author":316,"featured_media":0,"parent":16,"menu_order":2,"comment_status":"closed","ping_status":"open","template":"","meta":{"_links_to":"","_links_to_target":""},"_links":{"self":[{"href":"https:\/\/prunus-symposium.umh.es\/es\/wp-json\/wp\/v2\/pages\/20"}],"collection":[{"href":"https:\/\/prunus-symposium.umh.es\/es\/wp-json\/wp\/v2\/pages"}],"about":[{"href":"https:\/\/prunus-symposium.umh.es\/es\/wp-json\/wp\/v2\/types\/page"}],"author":[{"embeddable":true,"href":"https:\/\/prunus-symposium.umh.es\/es\/wp-json\/wp\/v2\/users\/316"}],"replies":[{"embeddable":true,"href":"https:\/\/prunus-symposium.umh.es\/es\/wp-json\/wp\/v2\/comments?post=20"}],"version-history":[{"count":0,"href":"https:\/\/prunus-symposium.umh.es\/es\/wp-json\/wp\/v2\/pages\/20\/revisions"}],"up":[{"embeddable":true,"href":"https:\/\/prunus-symposium.umh.es\/es\/wp-json\/wp\/v2\/pages\/16"}],"wp:attachment":[{"href":"https:\/\/prunus-symposium.umh.es\/es\/wp-json\/wp\/v2\/media?parent=20"}],"curies":[{"name":"wp","href":"https:\/\/api.w.org\/{rel}","templated":true}]}}