{"id":19,"date":"2012-05-09T07:34:40","date_gmt":"2012-05-09T07:34:40","guid":{"rendered":"http:\/\/prunus-symposium.umh.es\/?page_id=19"},"modified":"2012-09-03T11:32:05","modified_gmt":"2012-09-03T11:32:05","slug":"normas","status":"publish","type":"page","link":"https:\/\/prunus-symposium.umh.es\/es\/comunicaciones\/normas\/","title":{"rendered":"Normas"},"content":{"rendered":"<p><strong>El Comit\u00e9 Cient\u00edfico seleccionar\u00e1 los trabajos enviados para su presentaci\u00f3n ORAL o en P\u00d3STER. Los autores ser\u00e1n notificados de la decisi\u00f3n final\u00a0por E-mail antes del 30 de Septiembre de 2012<\/strong><\/p>\n<p><strong>\u00a0<\/strong><\/p>\n<p><strong><span style=\"text-decoration: underline\">PRESENTACI\u00d3N ORAL<\/span><\/strong><\/p>\n<p>Las Comunicaciones Orales tendr\u00e1n una duraci\u00f3n m\u00e1xima de 10 minutos, para su realizaci\u00f3n se dispondr\u00e1 de una sala con equipos audiovisuales<\/p>\n<p><strong><span style=\"text-decoration: underline\">PRESENTACI\u00d3N EN P\u00d3STER<\/span><\/strong><\/p>\n<p>Las Comuciaciones en P\u00f3ster estar\u00e1n expuestas durante todo el Simposio para su visualizaci\u00f3n. Dimensiones de los P\u00f3ster: 100 cm\u00a0(alto) x 90 cm (ancho)<\/p>","protected":false},"excerpt":{"rendered":"<p>El Comit\u00e9 Cient\u00edfico seleccionar\u00e1 los trabajos enviados para su presentaci\u00f3n ORAL o en P\u00d3STER. Los autores ser\u00e1n notificados de la decisi\u00f3n final\u00a0por E-mail antes del 30 de Septiembre de 2012<br \/>\n\u00a0<br \/>\nPRESENTACI\u00d3N ORAL<br \/>\nLas Comunicaciones Orales tendr\u00e1n una duraci\u00f3n m\u00e1xima de 10 minutos, para su realizaci\u00f3n se dispondr\u00e1 de una sala con equipos audiovisuales<br \/>\nPRESENTACI\u00d3N EN P\u00d3STER<br \/>\nLas Comuciaciones en [&#8230;]<\/p>\n","protected":false},"author":316,"featured_media":0,"parent":16,"menu_order":0,"comment_status":"closed","ping_status":"open","template":"","meta":{"_links_to":"","_links_to_target":""},"_links":{"self":[{"href":"https:\/\/prunus-symposium.umh.es\/es\/wp-json\/wp\/v2\/pages\/19"}],"collection":[{"href":"https:\/\/prunus-symposium.umh.es\/es\/wp-json\/wp\/v2\/pages"}],"about":[{"href":"https:\/\/prunus-symposium.umh.es\/es\/wp-json\/wp\/v2\/types\/page"}],"author":[{"embeddable":true,"href":"https:\/\/prunus-symposium.umh.es\/es\/wp-json\/wp\/v2\/users\/316"}],"replies":[{"embeddable":true,"href":"https:\/\/prunus-symposium.umh.es\/es\/wp-json\/wp\/v2\/comments?post=19"}],"version-history":[{"count":0,"href":"https:\/\/prunus-symposium.umh.es\/es\/wp-json\/wp\/v2\/pages\/19\/revisions"}],"up":[{"embeddable":true,"href":"https:\/\/prunus-symposium.umh.es\/es\/wp-json\/wp\/v2\/pages\/16"}],"wp:attachment":[{"href":"https:\/\/prunus-symposium.umh.es\/es\/wp-json\/wp\/v2\/media?parent=19"}],"curies":[{"name":"wp","href":"https:\/\/api.w.org\/{rel}","templated":true}]}}