{"id":11,"date":"2012-05-04T12:05:50","date_gmt":"2012-05-04T12:05:50","guid":{"rendered":"http:\/\/prunus-symposium.umh.es\/?page_id=11"},"modified":"2019-07-31T14:03:25","modified_gmt":"2019-07-31T12:03:25","slug":"inscripcion","status":"publish","type":"page","link":"https:\/\/prunus-symposium.umh.es\/es\/registration-and-fees\/inscripcion\/","title":{"rendered":"Inscripci\u00f3n"},"content":{"rendered":"<p><div role=\"form\" class=\"wpcf7\" id=\"wpcf7-f92-o1\" lang=\"es-ES\" dir=\"ltr\">\n<div class=\"screen-reader-response\"><p role=\"status\" aria-live=\"polite\" aria-atomic=\"true\"><\/p> <ul><\/ul><\/div>\n<form action=\"\/es\/wp-json\/wp\/v2\/pages\/11#wpcf7-f92-o1\" method=\"post\" class=\"wpcf7-form init\" novalidate=\"novalidate\" data-status=\"init\">\n<div style=\"display: none;\">\n<input type=\"hidden\" name=\"_wpcf7\" value=\"92\" \/>\n<input type=\"hidden\" name=\"_wpcf7_version\" value=\"5.5.2\" \/>\n<input type=\"hidden\" name=\"_wpcf7_locale\" value=\"es_ES\" \/>\n<input type=\"hidden\" name=\"_wpcf7_unit_tag\" value=\"wpcf7-f92-o1\" \/>\n<input type=\"hidden\" name=\"_wpcf7_container_post\" value=\"0\" \/>\n<input type=\"hidden\" name=\"_wpcf7_posted_data_hash\" value=\"\" \/>\n<input type=\"hidden\" name=\"_wpcf7_recaptcha_response\" value=\"\" \/>\n<\/div>\n<table>\n<tr>\n<th colspan=\"2\">Inscripci\u00f3n:<\/th>\n<\/tr>\n<tr>\n<th colspan=\"2\">(*) Campos requeridos<\/th>\n<\/tr>\n<tr>\n<td>Apellidos (*):<\/td>\n<td>\n    <span class=\"wpcf7-form-control-wrap apellidos\"><input type=\"text\" name=\"apellidos\" value=\"\" size=\"40\" class=\"wpcf7-form-control wpcf7-text wpcf7-validates-as-required\" aria-required=\"true\" aria-invalid=\"false\" \/><\/span> <\/td>\n<\/tr>\n<tr>\n<td>Nombre (*):<\/td>\n<td>\n    <span class=\"wpcf7-form-control-wrap nombre\"><input type=\"text\" name=\"nombre\" value=\"\" size=\"40\" class=\"wpcf7-form-control wpcf7-text wpcf7-validates-as-required\" aria-required=\"true\" aria-invalid=\"false\" \/><\/span> <\/td>\n<\/tr>\n<tr>\n<td>e-mail (*):<\/td>\n<td>\n    <span class=\"wpcf7-form-control-wrap correo\"><input type=\"email\" name=\"correo\" value=\"\" size=\"40\" class=\"wpcf7-form-control wpcf7-text wpcf7-email wpcf7-validates-as-required wpcf7-validates-as-email\" aria-required=\"true\" aria-invalid=\"false\" \/><\/span> <\/td>\n<\/tr>\n<tr>\n<td>Afiliaci\u00f3n (*):<\/td>\n<td>\n    <span class=\"wpcf7-form-control-wrap afiliacion\"><input type=\"text\" name=\"afiliacion\" value=\"\" size=\"40\" class=\"wpcf7-form-control wpcf7-text wpcf7-validates-as-required\" aria-required=\"true\" aria-invalid=\"false\" \/><\/span> <\/td>\n<\/tr>\n<tr>\n<td>Pa\u00eds (*):<\/td>\n<td>\n    <span class=\"wpcf7-form-control-wrap pais\"><input type=\"text\" name=\"pais\" value=\"\" size=\"40\" class=\"wpcf7-form-control wpcf7-text wpcf7-validates-as-required\" aria-required=\"true\" aria-invalid=\"false\" \/><\/span> <\/td>\n<\/tr>\n<tr>\n<td>Tel\u00e9fono:<\/td>\n<td>\n    <span class=\"wpcf7-form-control-wrap telefono\"><input type=\"tel\" name=\"telefono\" value=\"\" size=\"40\" class=\"wpcf7-form-control wpcf7-text wpcf7-tel wpcf7-validates-as-tel\" aria-invalid=\"false\" \/><\/span> <\/td>\n<\/tr>\n<tr>\n<td>T\u00edtulo:<\/td>\n<td>\n    <span class=\"wpcf7-form-control-wrap titulo\"><input type=\"text\" name=\"titulo\" value=\"\" size=\"40\" class=\"wpcf7-form-control wpcf7-text\" aria-invalid=\"false\" \/><\/span> <\/td>\n<\/tr>\n<tr>\n<td>Topic:<\/td>\n<td>\n    <span class=\"wpcf7-form-control-wrap topic\"><select name=\"topic\" class=\"wpcf7-form-control wpcf7-select\" aria-invalid=\"false\"><option value=\"Seleccionar\">Seleccionar<\/option><option value=\"Recursos Gen\u00e9ticos: Biodiversidad-Biolog\u00eda Molecular-Biotegnolog\u00eda\">Recursos Gen\u00e9ticos: Biodiversidad-Biolog\u00eda Molecular-Biotegnolog\u00eda<\/option><option value=\"Desde el Cultivo a la Recolecci\u00f3n: Pr\u00e1cticas Culturales-Riego y Fertilizaci\u00f3n-Floraci\u00f3n-Protecci\u00f3n de Cultivo\">Desde el Cultivo a la Recolecci\u00f3n: Pr\u00e1cticas Culturales-Riego y Fertilizaci\u00f3n-Floraci\u00f3n-Protecci\u00f3n de Cultivo<\/option><option value=\"Des\u00f3rdenes Fisiol\u00f3gicos-Maduraci\u00f3n-Recolecci\u00f3n\">Des\u00f3rdenes Fisiol\u00f3gicos-Maduraci\u00f3n-Recolecci\u00f3n<\/option><option value=\"Aspectos Relacionados con la Salud\">Aspectos Relacionados con la Salud<\/option><option value=\"Poscosecha-Procesado-Valor A\u00f1adido\">Poscosecha-Procesado-Valor A\u00f1adido<\/option><option value=\"Econom\u00eda-Transporte-Comercializaci\u00f3n\">Econom\u00eda-Transporte-Comercializaci\u00f3n<\/option><\/select><\/span> <\/td>\n<\/tr>\n<tr>\n<td>(1) Presentation:<\/td>\n<td>\n    <span class=\"wpcf7-form-control-wrap prese\"><select name=\"prese\" class=\"wpcf7-form-control wpcf7-select\" aria-invalid=\"false\"><option value=\"Seleccionar\">Seleccionar<\/option><option value=\"Oral\">Oral<\/option><option value=\"P\u00f3ster\">P\u00f3ster<\/option><\/select><\/span> <\/td>\n<\/tr>\n<tr colspan=\"2\">\n<td  colspan=\"2\">\n<span class=\"wpcf7-form-control-wrap recaptcha\" data-name=\"recaptcha\"><span data-sitekey=\"6LdoYCckAAAAAPgmKlpU5rIrxI6dbPh9xkctj6p2\" class=\"wpcf7-form-control g-recaptcha wpcf7-recaptcha\"><\/span>\r\n<noscript>\r\n\t<div class=\"grecaptcha-noscript\">\r\n\t\t<iframe src=\"https:\/\/www.google.com\/recaptcha\/api\/fallback?k=6LdoYCckAAAAAPgmKlpU5rIrxI6dbPh9xkctj6p2\" frameborder=\"0\" scrolling=\"no\" width=\"310\" height=\"430\">\r\n\t\t<\/iframe>\r\n\t\t<textarea name=\"g-recaptcha-response\" rows=\"3\" cols=\"40\" placeholder=\"Aqu\u00ed la respuesta de reCAPTCHA\">\r\n\t\t<\/textarea>\r\n\t<\/div>\r\n<\/noscript>\r\n<\/span>\n<\/td>\n<\/tr>\n<tr>\n<td colspan=\"2\"><input type=\"submit\" value=\"Enviar\" class=\"wpcf7-form-control has-spinner wpcf7-submit\" \/><\/td>\n<\/tr>\n<\/table>\n<div class=\"wpcf7-response-output\" aria-hidden=\"true\"><\/div><\/form><\/div><\/p>\n<p><span style=\"color: #ff0000;\">(1) <\/span>Se confirmar\u00e1 posteriormente por e-mail<\/p>","protected":false},"excerpt":{"rendered":"<p>Inscripci\u00f3n:<\/p>\n<p>(*) Campos requeridos<\/p>\n<p>Apellidos (*):<\/p>\n<p>Nombre (*):<\/p>\n<p>e-mail (*):<\/p>\n<p>Afiliaci\u00f3n (*):<\/p>\n<p>Pa\u00eds (*):<\/p>\n<p>Tel\u00e9fono:<\/p>\n<p>T\u00edtulo:<\/p>\n<p>Topic:<\/p>\n<p>    SeleccionarRecursos Gen\u00e9ticos: Biodiversidad-Biolog\u00eda Molecular-Biotegnolog\u00edaDesde el Cultivo a la [&#8230;]<\/p>\n","protected":false},"author":316,"featured_media":0,"parent":57,"menu_order":1,"comment_status":"closed","ping_status":"open","template":"","meta":{"_links_to":"","_links_to_target":""},"_links":{"self":[{"href":"https:\/\/prunus-symposium.umh.es\/es\/wp-json\/wp\/v2\/pages\/11"}],"collection":[{"href":"https:\/\/prunus-symposium.umh.es\/es\/wp-json\/wp\/v2\/pages"}],"about":[{"href":"https:\/\/prunus-symposium.umh.es\/es\/wp-json\/wp\/v2\/types\/page"}],"author":[{"embeddable":true,"href":"https:\/\/prunus-symposium.umh.es\/es\/wp-json\/wp\/v2\/users\/316"}],"replies":[{"embeddable":true,"href":"https:\/\/prunus-symposium.umh.es\/es\/wp-json\/wp\/v2\/comments?post=11"}],"version-history":[{"count":0,"href":"https:\/\/prunus-symposium.umh.es\/es\/wp-json\/wp\/v2\/pages\/11\/revisions"}],"up":[{"embeddable":true,"href":"https:\/\/prunus-symposium.umh.es\/es\/wp-json\/wp\/v2\/pages\/57"}],"wp:attachment":[{"href":"https:\/\/prunus-symposium.umh.es\/es\/wp-json\/wp\/v2\/media?parent=11"}],"curies":[{"name":"wp","href":"https:\/\/api.w.org\/{rel}","templated":true}]}}